{"id":60,"date":"2019-01-27T17:56:37","date_gmt":"2019-01-27T17:56:37","guid":{"rendered":"https:\/\/drc-bzg-duesseldorf.de\/?page_id=60"},"modified":"2019-10-30T20:11:12","modified_gmt":"2019-10-30T20:11:12","slug":"mitglieder","status":"publish","type":"page","link":"https:\/\/drc-bzg-duesseldorf.de\/index.php\/mitglieder\/","title":{"rendered":"Mitglieder"},"content":{"rendered":"\n<p><br><\/p>\n\n\n\n<p style=\"text-align:center\" class=\"has-medium-font-size\">Alle  DRC-Mitglieder, die in den <strong>PLZ-Bezirken<\/strong> <strong>40, 41 und 47700 bis 47929<\/strong> wohnen,\u00a0werden im DRC automatisch der <strong>Bezirksgruppe D\u00fcsseldorf<\/strong> zugeordnet.<br>Wer in anderen PLZ-Bezirken wohnt und gerne zu unserer Bezirksgruppe geh\u00f6ren m\u00f6chte,<br>kann einen formlosen Antrag zur  \u00dcbernahme an unseren <a href=\"https:\/\/drc-bzg-duesseldorf.de\/index.php\/vorstand\/\" target=\"_blank\" rel=\"noreferrer noopener\" aria-label=\"Vorstand (\u00f6ffnet in neuem Tab)\">Vorstand<\/a> richten. <\/p>\n","protected":false},"excerpt":{"rendered":"<p>Alle DRC-Mitglieder, die in den PLZ-Bezirken 40, 41 und 47700 bis 47929 wohnen,\u00a0werden im DRC automatisch der Bezirksgruppe D\u00fcsseldorf zugeordnet.Wer&hellip;<\/p>\n","protected":false},"author":1,"featured_media":0,"parent":0,"menu_order":0,"comment_status":"closed","ping_status":"closed","template":"","meta":{"footnotes":""},"class_list":["post-60","page","type-page","status-publish","hentry"],"_links":{"self":[{"href":"https:\/\/drc-bzg-duesseldorf.de\/index.php\/wp-json\/wp\/v2\/pages\/60","targetHints":{"allow":["GET"]}}],"collection":[{"href":"https:\/\/drc-bzg-duesseldorf.de\/index.php\/wp-json\/wp\/v2\/pages"}],"about":[{"href":"https:\/\/drc-bzg-duesseldorf.de\/index.php\/wp-json\/wp\/v2\/types\/page"}],"author":[{"embeddable":true,"href":"https:\/\/drc-bzg-duesseldorf.de\/index.php\/wp-json\/wp\/v2\/users\/1"}],"replies":[{"embeddable":true,"href":"https:\/\/drc-bzg-duesseldorf.de\/index.php\/wp-json\/wp\/v2\/comments?post=60"}],"version-history":[{"count":19,"href":"https:\/\/drc-bzg-duesseldorf.de\/index.php\/wp-json\/wp\/v2\/pages\/60\/revisions"}],"predecessor-version":[{"id":920,"href":"https:\/\/drc-bzg-duesseldorf.de\/index.php\/wp-json\/wp\/v2\/pages\/60\/revisions\/920"}],"wp:attachment":[{"href":"https:\/\/drc-bzg-duesseldorf.de\/index.php\/wp-json\/wp\/v2\/media?parent=60"}],"curies":[{"name":"wp","href":"https:\/\/api.w.org\/{rel}","templated":true}]}}