{"id":48,"date":"2019-01-27T17:52:48","date_gmt":"2019-01-27T17:52:48","guid":{"rendered":"https:\/\/drc-bzg-duesseldorf.de\/?page_id=48"},"modified":"2019-03-26T17:49:42","modified_gmt":"2019-03-26T17:49:42","slug":"trainingsgelaende","status":"publish","type":"page","link":"https:\/\/drc-bzg-duesseldorf.de\/index.php\/trainingsgelaende\/","title":{"rendered":"Trainingsgel\u00e4nde"},"content":{"rendered":"\n<p style=\"text-align:center\"><br>Das Trainingsgel\u00e4nde der Bezirksgruppe D\u00fcsseldorf befindet sich im Au\u00dfenbereich von Willich &#8211; Schiefbahn.<\/p>\n\n\n\n<p style=\"text-align:center\"><br>Das Gel\u00e4nde ist komplett eingez\u00e4unt und kann deshalb nur w\u00e4hrend der Trainingszeiten betreten werden.<br><strong>Bitte parken Sie ausschlie\u00dflich auf dem Gel\u00e4nde !<\/strong> <br>Das Abstellen von Fahrzeugen entlang der Zufahrt ( landwirtschaftlicher Nutzweg ) sowie auf den benachbarten Grundst\u00fccken ist <strong>UNBEDINGT<br>ZU VERMEIDEN !<\/strong> Bei Zuwiderhandlung behalten wir uns das Recht vor, DEN-  oder DIEJENIGE ggf. von den Trainingskursen auszuschlie\u00dfen ! <br><br>Bitte lassen Sie ihren Hund nicht auf den umliegenden Wiesen laufen und sammeln Sie die Hinterlassenschaften<br>ihres Hundes, innerhalb wie ausserhalb des Trainingsgel\u00e4ndes, ein.<br><br><\/p>\n\n\n\n<p style=\"text-align:center\" class=\"has-medium-font-size\"><strong>Vielen Dank f\u00fcr Ihr Verst\u00e4ndnis !<\/strong><br><br><br><\/p>\n","protected":false},"excerpt":{"rendered":"<p>Das Trainingsgel\u00e4nde der Bezirksgruppe D\u00fcsseldorf befindet sich im Au\u00dfenbereich von Willich &#8211; Schiefbahn. Das Gel\u00e4nde ist komplett eingez\u00e4unt und kann&hellip;<\/p>\n","protected":false},"author":1,"featured_media":0,"parent":0,"menu_order":0,"comment_status":"closed","ping_status":"closed","template":"","meta":{"footnotes":""},"class_list":["post-48","page","type-page","status-publish","hentry"],"_links":{"self":[{"href":"https:\/\/drc-bzg-duesseldorf.de\/index.php\/wp-json\/wp\/v2\/pages\/48","targetHints":{"allow":["GET"]}}],"collection":[{"href":"https:\/\/drc-bzg-duesseldorf.de\/index.php\/wp-json\/wp\/v2\/pages"}],"about":[{"href":"https:\/\/drc-bzg-duesseldorf.de\/index.php\/wp-json\/wp\/v2\/types\/page"}],"author":[{"embeddable":true,"href":"https:\/\/drc-bzg-duesseldorf.de\/index.php\/wp-json\/wp\/v2\/users\/1"}],"replies":[{"embeddable":true,"href":"https:\/\/drc-bzg-duesseldorf.de\/index.php\/wp-json\/wp\/v2\/comments?post=48"}],"version-history":[{"count":11,"href":"https:\/\/drc-bzg-duesseldorf.de\/index.php\/wp-json\/wp\/v2\/pages\/48\/revisions"}],"predecessor-version":[{"id":208,"href":"https:\/\/drc-bzg-duesseldorf.de\/index.php\/wp-json\/wp\/v2\/pages\/48\/revisions\/208"}],"wp:attachment":[{"href":"https:\/\/drc-bzg-duesseldorf.de\/index.php\/wp-json\/wp\/v2\/media?parent=48"}],"curies":[{"name":"wp","href":"https:\/\/api.w.org\/{rel}","templated":true}]}}