{"id":34,"date":"2019-01-27T17:39:54","date_gmt":"2019-01-27T17:39:54","guid":{"rendered":"https:\/\/drc-bzg-duesseldorf.de\/?page_id=34"},"modified":"2019-10-30T11:42:49","modified_gmt":"2019-10-30T11:42:49","slug":"herzlich-willkommen","status":"publish","type":"page","link":"https:\/\/drc-bzg-duesseldorf.de\/","title":{"rendered":"Herzlich Willkommen"},"content":{"rendered":"\n<p style=\"text-align:center\" class=\"has-medium-font-size\">auf der Homepage der Bezirksgruppe D\u00fcsseldorf<br><img loading=\"lazy\" decoding=\"async\" width=\"150\" height=\"90\" class=\"wp-image-15\" style=\"width: 150px;\" src=\"https:\/\/drc-bzg-duesseldorf.de\/wp-content\/uploads\/2019\/01\/logo.png\" alt=\"\" srcset=\"https:\/\/drc-bzg-duesseldorf.de\/wp-content\/uploads\/2019\/01\/logo.png 320w, https:\/\/drc-bzg-duesseldorf.de\/wp-content\/uploads\/2019\/01\/logo-300x179.png 300w\" sizes=\"auto, (max-width: 150px) 100vw, 150px\" \/><\/p>\n\n\n\n<p style=\"text-align:center\"><br>Hier finden Sie Informationen zu unseren Aktivit\u00e4ten im Bereich<br><strong>Retrieverausbildung, Pr\u00fcfungen und Seminare.<\/strong><\/p>\n\n\n\n<p><\/p>\n","protected":false},"excerpt":{"rendered":"<p>auf der Homepage der Bezirksgruppe D\u00fcsseldorf Hier finden Sie Informationen zu unseren Aktivit\u00e4ten im BereichRetrieverausbildung, Pr\u00fcfungen und Seminare.<\/p>\n","protected":false},"author":1,"featured_media":0,"parent":0,"menu_order":0,"comment_status":"closed","ping_status":"closed","template":"","meta":{"footnotes":""},"class_list":["post-34","page","type-page","status-publish","hentry"],"_links":{"self":[{"href":"https:\/\/drc-bzg-duesseldorf.de\/index.php\/wp-json\/wp\/v2\/pages\/34","targetHints":{"allow":["GET"]}}],"collection":[{"href":"https:\/\/drc-bzg-duesseldorf.de\/index.php\/wp-json\/wp\/v2\/pages"}],"about":[{"href":"https:\/\/drc-bzg-duesseldorf.de\/index.php\/wp-json\/wp\/v2\/types\/page"}],"author":[{"embeddable":true,"href":"https:\/\/drc-bzg-duesseldorf.de\/index.php\/wp-json\/wp\/v2\/users\/1"}],"replies":[{"embeddable":true,"href":"https:\/\/drc-bzg-duesseldorf.de\/index.php\/wp-json\/wp\/v2\/comments?post=34"}],"version-history":[{"count":9,"href":"https:\/\/drc-bzg-duesseldorf.de\/index.php\/wp-json\/wp\/v2\/pages\/34\/revisions"}],"predecessor-version":[{"id":827,"href":"https:\/\/drc-bzg-duesseldorf.de\/index.php\/wp-json\/wp\/v2\/pages\/34\/revisions\/827"}],"wp:attachment":[{"href":"https:\/\/drc-bzg-duesseldorf.de\/index.php\/wp-json\/wp\/v2\/media?parent=34"}],"curies":[{"name":"wp","href":"https:\/\/api.w.org\/{rel}","templated":true}]}}