{"id":328,"date":"2019-08-12T19:26:44","date_gmt":"2019-08-12T19:26:44","guid":{"rendered":"https:\/\/drc-bzg-duesseldorf.de\/?page_id=328"},"modified":"2026-04-07T12:10:40","modified_gmt":"2026-04-07T12:10:40","slug":"pruefungen","status":"publish","type":"page","link":"https:\/\/drc-bzg-duesseldorf.de\/index.php\/pruefungen\/","title":{"rendered":"Pr\u00fcfungen"},"content":{"rendered":"\n<p class=\"has-text-align-center\"><br><strong>Gem\u00e4\u00df den Bestimmungen des Tierschutzgesetzes sind auf von uns ausgerichteten Pr\u00fcfungen<br>KEINE ENDLOSW\u00dcRGER &#8211; hei\u00dft Moxonleinen oder Halsb\u00e4nder OHNE Zugstopp &#8211; erlaubt !<br><\/strong><br>Mi\u00dfachtung f\u00fchrt unter Verlust des Meldegeldes unwiderruflich zum Pr\u00fcfungsausschlu\u00df !<br><br><\/p>\n\n\n\n<p class=\"has-text-align-center has-background has-medium-font-size\" style=\"background-color:#faf0c8\"><strong>Workingtest<\/strong><\/p>\n\n\n\n<figure class=\"wp-block-table aligncenter\"><table><tbody><tr><td><\/td><td class=\"has-text-align-left\" data-align=\"left\"><\/td><\/tr><tr><td><strong>18. &amp; 19.04.2026<\/strong><\/td><td class=\"has-text-align-left\" data-align=\"left\"><strong>Little Forest Trophy 2026<\/strong><\/td><\/tr><tr><td><\/td><td class=\"has-text-align-left\" data-align=\"left\">Richter:<br>Betty Schwieren (PL Sa), Maria Crepaz, Hatice Celik<br>Norbert Theuerkauf (PL So), G\u00fcnther Kohler<br><br>Meldung nur \u00fcber das DRC-Online-Anmeldeverfahren<br><br><strong>Aufgrund eines technischen Problems sind alle <\/strong><br><strong>Helferanmeldungen, die \u00fcber das Formular auf der Homepage <\/strong><br><strong>der Little-Forest-Trophy erfolgten, nicht bei uns eingegangen <\/strong><br><strong>und k\u00f6nnen leider auch nicht mehr rekonstruiert werden. Wir <\/strong><br><strong>bitten daher alle, die sich bisher als Helfer gemeldet haben <\/strong><br><strong>oder sich noch melden m\u00f6chten uns direkt eine E-Mail an <\/strong><br><strong><mark style=\"background-color:rgba(0, 0, 0, 0)\" class=\"has-inline-color has-vivid-red-color\">Little-Forest-Trophy@outlook.de<\/mark> zu senden. Bitte gebt in <\/strong><br><strong>dieser Mail auch kurz an, an welchem Tag und wie ihr uns <\/strong><br><strong>unterst\u00fctzen k\u00f6nnt ( z.B. werfen, schie\u00dfen, Blinds auslegen, \u2026 ), <\/strong><br><strong>kleiner Waffenschein ja\/nein und\/oder ob ihr einen Kuchen spendet.<br><br>Es dankt Euch ganz herzlich eure Sonderleitung Sandra &amp; Elke<\/strong><\/td><\/tr><tr><td><\/td><td class=\"has-text-align-left\" data-align=\"left\"><strong><a href=\"http:\/\/little-forest-trophy.de\" target=\"_blank\" rel=\"noreferrer noopener\">Little Forest Trophy Homepage<\/a><\/strong><\/td><\/tr><tr><td><\/td><td class=\"has-text-align-left\" data-align=\"left\"><\/td><\/tr><\/tbody><\/table><\/figure>\n\n\n\n<p class=\"has-text-align-center has-background has-medium-font-size\" style=\"background-color:#faf0c8\"><strong>Dummypr\u00fcfung ( APD \/ R )<\/strong><\/p>\n\n\n\n<figure class=\"wp-block-table\"><table class=\"has-fixed-layout\"><tbody><tr><td><\/td><td><\/td><\/tr><tr><td><strong>21.06.2026<\/strong><\/td><td><strong>Richterin: Hatice Celik<\/strong><\/td><\/tr><tr><td><\/td><td>Ort: Willich<br>Sonderleitung: Sandra Lemke, <br>E-Mail: sandra-lemke@t-online.de<br><br>Meldebeginn: 01.05.2026<br>Meldeschluss: 31.05.2026<br><br>Maximale Teilnehmer: 15<br><br>Meldung nur \u00fcber das DRC-Online-Anmeldeverfahren<br><br>>> Nach Meldebeginn hier zu finden &lt;&lt;<\/td><\/tr><tr><td><\/td><td><\/td><\/tr><tr><td><strong>02.09.2026<\/strong><\/td><td><strong>Richterin: Betty Schwieren<\/strong><\/td><\/tr><tr><td><\/td><td>Ort: Willich<br>Sonderleitung: Sandra Gillhausen, <br>E-Mail: sandra@gillhausen.com <br>Birgit Meyer-Otten, <br>E-Mail: birgit-meyer-otten@niers-hunters.de<br><br>Meldebeginn: 15.07.2026<br>Meldeschluss: 15.08.2026<br><br>Maximale Teilnehmer: 15<br><br>Meldung nur \u00fcber das DRC-Online-Anmeldeverfahren<br><br>>> Nach Meldebeginn hier zu finden &lt;&lt;<\/td><\/tr><tr><td><\/td><td><\/td><\/tr><\/tbody><\/table><\/figure>\n\n\n\n<p class=\"has-text-align-center has-background has-medium-font-size\" style=\"background-color:#faf0c8\"><strong>Begleithundepr\u00fcfung ( BHP )<\/strong><\/p>\n\n\n\n<figure class=\"wp-block-table\"><table class=\"has-fixed-layout\"><tbody><tr><td><\/td><td><\/td><\/tr><tr><td><\/td><td><\/td><\/tr><\/tbody><\/table><\/figure>\n\n\n\n<p class=\"has-text-align-center has-background has-medium-font-size\" style=\"background-color:#faf0c8\"><strong>Team Day<\/strong><\/p>\n\n\n\n<figure class=\"wp-block-table aligncenter\"><table><tbody><tr><td><\/td><td><\/td><\/tr><tr><td><\/td><td><\/td><\/tr><\/tbody><\/table><\/figure>\n\n\n\n<p class=\"has-text-align-center has-background has-medium-font-size\" style=\"background-color:#faf0c8\"><strong>Wesenstest ( WT )<\/strong><\/p>\n\n\n\n<figure class=\"wp-block-table\"><table class=\"has-fixed-layout\"><tbody><tr><td><\/td><td><\/td><\/tr><tr><td><strong>10. &amp; 11.10.2026<\/strong><\/td><td><strong>Richterin: Ines Mainka<\/strong><\/td><\/tr><tr><td><\/td><td>Ort: Willich<br>Sonderleitung: Sandra Gillhausen, <br>E-Mail: sandra@gillhausen.com <br>Tel.: 0172 &#8211; 286 20 85<br><br>Meldebeginn: 15.08.2026<br>Meldeschluss: 25.09.2026<br><br>Maximale Teilnehmer: 6<br><br>Am 10.10.2026 findet nachmittags ein Formwert mit Richter Eric Fehrs (Veranstaltungs-Nr. 16938) statt. Am 11.10.2026 findet vormittags der Formwert statt. Am Nachmittag der Wesenstest.<br><br>Meldung nur \u00fcber das DRC-Online-Anmeldeverfahren<br><br>>> Nach Meldebeginn hier zu finden &lt;&lt;<\/td><\/tr><tr><td><\/td><td><\/td><\/tr><\/tbody><\/table><\/figure>\n\n\n\n<p class=\"has-text-align-center has-background has-medium-font-size\" style=\"background-color:#faf0c8\"><strong>Formwert ( FW )<\/strong><\/p>\n\n\n\n<figure class=\"wp-block-table\"><table><tbody><tr><td><\/td><td><\/td><\/tr><tr><td><strong>10. &amp; 11.10.2026<\/strong><\/td><td><strong>Richter: Eric Fehrs<\/strong><\/td><\/tr><tr><td><\/td><td>Ort: Willich<br>Sonderleitung: Sylvia Pieschel,<br>E-Mail: pieschel@t-online.de<br><br>Meldebeginn: 15.08.2026<br>Meldeschluss: 25.09.2026<br><br>Maximale Teilnehmer: 20<br><br>Am 10.10.2026 findet nachmittags ein Formwert mit <br>Richter Eric Fehrs (Veranstaltungs-Nr. 16938) statt. Am <br>11.10.2026 findet vormittags der Formwert statt. <br>Am Nachmittag der Wesenstest.<br><br>Meldung nur \u00fcber das DRC-Online-Anmeldeverfahren<br><br>>> Nach Meldebeginn hier zu finden &lt;&lt;<\/td><\/tr><tr><td><\/td><td><\/td><\/tr><\/tbody><\/table><\/figure>\n\n\n\n<p><\/p>\n","protected":false},"excerpt":{"rendered":"<p>Gem\u00e4\u00df den Bestimmungen des Tierschutzgesetzes sind auf von uns ausgerichteten Pr\u00fcfungenKEINE ENDLOSW\u00dcRGER &#8211; hei\u00dft Moxonleinen oder Halsb\u00e4nder OHNE Zugstopp &#8211;&hellip;<\/p>\n","protected":false},"author":1,"featured_media":0,"parent":0,"menu_order":0,"comment_status":"closed","ping_status":"closed","template":"","meta":{"footnotes":""},"class_list":["post-328","page","type-page","status-publish","hentry"],"_links":{"self":[{"href":"https:\/\/drc-bzg-duesseldorf.de\/index.php\/wp-json\/wp\/v2\/pages\/328","targetHints":{"allow":["GET"]}}],"collection":[{"href":"https:\/\/drc-bzg-duesseldorf.de\/index.php\/wp-json\/wp\/v2\/pages"}],"about":[{"href":"https:\/\/drc-bzg-duesseldorf.de\/index.php\/wp-json\/wp\/v2\/types\/page"}],"author":[{"embeddable":true,"href":"https:\/\/drc-bzg-duesseldorf.de\/index.php\/wp-json\/wp\/v2\/users\/1"}],"replies":[{"embeddable":true,"href":"https:\/\/drc-bzg-duesseldorf.de\/index.php\/wp-json\/wp\/v2\/comments?post=328"}],"version-history":[{"count":445,"href":"https:\/\/drc-bzg-duesseldorf.de\/index.php\/wp-json\/wp\/v2\/pages\/328\/revisions"}],"predecessor-version":[{"id":2368,"href":"https:\/\/drc-bzg-duesseldorf.de\/index.php\/wp-json\/wp\/v2\/pages\/328\/revisions\/2368"}],"wp:attachment":[{"href":"https:\/\/drc-bzg-duesseldorf.de\/index.php\/wp-json\/wp\/v2\/media?parent=328"}],"curies":[{"name":"wp","href":"https:\/\/api.w.org\/{rel}","templated":true}]}}