{"id":327,"date":"2019-08-12T19:27:27","date_gmt":"2019-08-12T19:27:27","guid":{"rendered":"https:\/\/drc-bzg-duesseldorf.de\/?page_id=327"},"modified":"2026-04-04T08:23:54","modified_gmt":"2026-04-04T08:23:54","slug":"seminare-workshops","status":"publish","type":"page","link":"https:\/\/drc-bzg-duesseldorf.de\/index.php\/seminare-workshops\/","title":{"rendered":"Seminare &#038; Workshops"},"content":{"rendered":"\n<p class=\"has-text-align-center\"><strong><br> Gem\u00e4\u00df den Bestimmungen des Tierschutzgesetzes sind bei unseren Seminaren  und Workshops<br>KEINE ENDLOSW\u00dcRGER &#8211; hei\u00dft Moxonleinen oder Halsb\u00e4nder OHNE Zugstopp &#8211; erlaubt !<\/strong><\/p>\n\n\n\n<p class=\"has-text-align-center\">Mi\u00dfachtung kann unter Verlust des Meldegeldes zum Ausschlu\u00df<br>an  der Veranstaltung f\u00fchren! <\/p>\n\n\n\n<p><br><\/p>\n\n\n\n<p class=\"has-text-align-center has-background has-medium-font-size\" style=\"background-color:#faf0c8\"><strong>Webinare<\/strong><\/p>\n\n\n\n<figure class=\"wp-block-table\"><table class=\"has-fixed-layout\"><tbody><tr><td><\/td><td><\/td><\/tr><tr><td><\/td><td><\/td><\/tr><\/tbody><\/table><\/figure>\n\n\n\n<p class=\"has-text-align-center has-background has-medium-font-size\" style=\"background-color:#faf0c8\"><strong>Neuz\u00fcchterseminare<\/strong><\/p>\n\n\n\n<figure class=\"wp-block-table\"><table><tbody><tr><td><\/td><td><\/td><\/tr><tr><td><\/td><td><\/td><\/tr><\/tbody><\/table><\/figure>\n\n\n\n<p class=\"has-text-align-center has-background has-medium-font-size\" style=\"background-color:#faf0c8\"><strong>Dummyseminare<\/strong><\/p>\n\n\n\n<figure class=\"wp-block-table\"><table><tbody><tr><td class=\"has-text-align-left\" data-align=\"left\"><\/td><td><\/td><\/tr><tr><td class=\"has-text-align-left\" data-align=\"left\"><strong>13.04.2026<\/strong><\/td><td><strong>Dummyseminar Anf\u00e4nger mit Dirk Volders<\/strong><\/td><\/tr><tr><td class=\"has-text-align-left\" data-align=\"left\"><\/td><td>Sonderleitung: Anja Geerlings Tel: \u202d0172-5614690\u202c, <br>Email: <a href=\"mailto:anja@geerlings-retriever.de\">anja@geerlings-retriever.de<\/a><br><br>Meldestart: 09.03.2026<br>Meldeschluss: 31.03.2026<br><br>Das Seminar ist f\u00fcr Anf\u00e4nger. <br>Voraussetzung: Hund apportiert sicher.<br><br>Vormittags, ca. 10:00 &#8211; 13:30 Uhr <br>65,- \u20ac bei maximal 6-7 Teilnehmer pro Gruppe<\/td><\/tr><tr><td class=\"has-text-align-left\" data-align=\"left\"><\/td><td><\/td><\/tr><tr><td class=\"has-text-align-left\" data-align=\"left\"><strong>13.04.2026<\/strong><\/td><td><strong>Dummyseminar F\/O mit Dirk Volders<\/strong><\/td><\/tr><tr><td class=\"has-text-align-left\" data-align=\"left\"><\/td><td>Sonderleitung: Anja Geerlings Tel: \u202d0172-5614690\u202c, <br>Email: <a href=\"mailto:anja@geerlings-retriever.de\">anja@geerlings-retriever.de<\/a><br><br>Meldestart: 09.03.2026<br>Meldeschluss: 31.03.2026<br><br>Nachmittags, ca. 14:00 &#8211; 17:30 Uhr <br>65,- \u20ac bei maximal 6-7 Teilnehmer pro Gruppe<\/td><\/tr><tr><td class=\"has-text-align-left\" data-align=\"left\"><\/td><td><\/td><\/tr><tr><td class=\"has-text-align-left\" data-align=\"left\"><strong>20.04.2026<\/strong><\/td><td><strong>Dummyseminar mit Michael Br\u00fchl<\/strong><\/td><\/tr><tr><td class=\"has-text-align-left\" data-align=\"left\"><\/td><td>Sonderleitung: Anja Geerlings Tel: \u202d0172-5614690\u202c, <br>Email: <a href=\"mailto:anja@geerlings-retriever.de\">anja@geerlings-retriever.de<\/a><br><br>Meldestart: 08.03.2026<br>Meldeschluss: 31.03.2026<br><br>Das Seminar ist f\u00fcr Anf\u00e4nger. <br>Voraussetzung: Hund apportiert sicher.<br><br>1. Gruppe 10:00 &#8211; 13:30 Uhr <br>2. Gruppe 14:00 &#8211; 17:30 Uhr <\/td><\/tr><tr><td class=\"has-text-align-left\" data-align=\"left\"><\/td><td><\/td><\/tr><tr><td class=\"has-text-align-left\" data-align=\"left\"><strong>18.05.2026<\/strong><\/td><td><strong>Dummyseminar Anf\u00e4nger mit Dirk Volders<\/strong><\/td><\/tr><tr><td class=\"has-text-align-left\" data-align=\"left\"><\/td><td>Sonderleitung: Anja Geerlings Tel: \u202d0172-5614690\u202c, <br>Email: <a href=\"mailto:anja@geerlings-retriever.de\">anja@geerlings-retriever.de<\/a><br><br>Meldestart: 01.04.2026<br>Meldeschluss: 30.04.2026<br><br>Das Seminar ist f\u00fcr Anf\u00e4nger. <br>Voraussetzung: Hund apportiert sicher.<br><br>Vormittags, ca. 10:00 &#8211; 13:30 Uhr <br>65,- \u20ac bei maximal 6-7 Teilnehmer pro Gruppe<br><br>Meldung nur \u00fcber das DRC-Online-Anmeldeverfahren<br><br><strong>>> <a href=\"https:\/\/db.drc.de\/adr\/meldungen\/funktion.php?ekey=16821\" target=\"_blank\" rel=\"noreferrer noopener\">Bitte hier klicken<\/a> &lt;&lt;<\/strong><\/td><\/tr><tr><td class=\"has-text-align-left\" data-align=\"left\"><\/td><td><\/td><\/tr><tr><td class=\"has-text-align-left\" data-align=\"left\"><strong>18.05.2026<\/strong><\/td><td><strong>Dummyseminar F\/O mit Dirk Volders<\/strong><\/td><\/tr><tr><td class=\"has-text-align-left\" data-align=\"left\"><\/td><td>Sonderleitung: Anja Geerlings Tel: \u202d0172-5614690\u202c, <br>Email: <a href=\"mailto:anja@geerlings-retriever.de\">anja@geerlings-retriever.de<\/a><br><br>Meldestart: 01.04.2026<br>Meldeschluss: 30.04.2026<br><br>Nachmittags, ca. 14:00 &#8211; 17:30 Uhr <br>65,- \u20ac bei maximal 6-7 Teilnehmer pro Gruppe<br><br>Meldung nur \u00fcber das DRC-Online-Anmeldeverfahren<br><br><strong>>> <a href=\"https:\/\/db.drc.de\/adr\/meldungen\/funktion.php?ekey=16822\" target=\"_blank\" rel=\"noreferrer noopener\">Bitte hier klicken<\/a> &lt;&lt;<\/strong><\/td><\/tr><tr><td class=\"has-text-align-left\" data-align=\"left\"><\/td><td><\/td><\/tr><tr><td class=\"has-text-align-left\" data-align=\"left\"><strong>06.06.2026<\/strong><\/td><td><strong>Dummyseminar Anf\u00e4nger mit Ulrike Drews von Ruckteschell<\/strong><\/td><\/tr><tr><td class=\"has-text-align-left\" data-align=\"left\"><\/td><td>Sonderleitung: Birgit Meyer-Otten, <br>E-Mail: <a href=\"mailto:birgit-meyer-otten@niers-hunters.de\">birgit-meyer-otten@niers-hunters.de<\/a><br>und Ines Mainka, E-Mail: <a href=\"mailto:i.mainka@web.de\">i.mainka@web.de<\/a><br><br>Meldestart: 01.04.2026<br>Meldeschluss: 15.05.2026<br><br>Maximal 5 Teilnehmer pro Gruppe<br><br>Das Seminar ist f\u00fcr Anf\u00e4nger. Voraussetzung: bestandene Dummy A<br><br>1. Gruppe 10:00 &#8211; 13:30 Uhr 2. Gruppe 14:00 &#8211; 17:30 Uhr <br>(die genaue Zeit, ob vormittags\/ nachmittags wird noch festgelegt) <br>Jeweils 90,- \u20ac pro 1\/2 Tag<br><br>Meldung nur \u00fcber das DRC-Online-Anmeldeverfahren<br><br><strong>>> <a href=\"https:\/\/db.drc.de\/adr\/meldungen\/funktion.php?ekey=16535\" target=\"_blank\" rel=\"noreferrer noopener\">Bitte hier klicken<\/a> &lt;&lt;<\/strong><br><\/td><\/tr><tr><td class=\"has-text-align-left\" data-align=\"left\"><\/td><td><\/td><\/tr><tr><td class=\"has-text-align-left\" data-align=\"left\"><strong>06.06.2026<\/strong><\/td><td><strong>Dummyseminar Fortgeschrittene mit Ulrike Drews von Ruckteschell<\/strong><\/td><\/tr><tr><td class=\"has-text-align-left\" data-align=\"left\"><\/td><td>Sonderleitung: Birgit Meyer-Otten, <br>E-Mail: <a href=\"mailto:birgit-meyer-otten@niers-hunters.de\">birgit-meyer-otten@niers-hunters.de<\/a><br>und Ines Mainka, E-Mail: <a href=\"mailto:i.mainka@web.de\">i.mainka@web.de<\/a><br><br>Meldestart: 01.04.2026<br>Meldeschluss: 15.05.2026<br><br>Maximal 5 Teilnehmer pro Gruppe<br><br>Das Seminar ist f\u00fcr Fortgeschrittene, die bereits auf <br>guten A Niveau sind. . Voraussetzung: bestandene Dummy A<br><br>1. Gruppe 10:00 &#8211; 13:30 Uhr 2. Gruppe 14:00 &#8211; 17:30 Uhr <br>(die genaue Zeit, ob vormittags\/ nachmittags wird noch festgelegt) <br>Jeweils 90,- \u20ac pro 1\/2 Tag<br><br>Meldung nur \u00fcber das DRC-Online-Anmeldeverfahren<br><br><strong>>> <a href=\"https:\/\/db.drc.de\/adr\/meldungen\/funktion.php?ekey=16536\" target=\"_blank\" rel=\"noreferrer noopener\">Bitte hier klicken<\/a> &lt;&lt;<\/strong><\/td><\/tr><tr><td class=\"has-text-align-left\" data-align=\"left\"><\/td><td><\/td><\/tr><tr><td class=\"has-text-align-left\" data-align=\"left\"><strong>07.06.2026<\/strong><\/td><td><strong>Dummyseminar Anf\u00e4nger mit Ulrike Drews von Ruckteschell<\/strong><\/td><\/tr><tr><td class=\"has-text-align-left\" data-align=\"left\"><\/td><td>Sonderleitung: Birgit Meyer-Otten, <br>E-Mail: <a href=\"mailto:birgit-meyer-otten@niers-hunters.de\">birgit-meyer-otten@niers-hunters.de<\/a><br>und Ines Mainka, E-Mail: <a href=\"mailto:i.mainka@web.de\">i.mainka@web.de<\/a><br><br>Meldestart: 01.04.2026<br>Meldeschluss: 15.05.2026<br><br>Maximal 5 Teilnehmer pro Gruppe<br><br>Das Seminar ist f\u00fcr Anf\u00e4nger. Voraussetzung: bestandene Dummy A<br><br>1. Gruppe 10:00 &#8211; 13:30 Uhr 2. Gruppe 14:00 &#8211; 17:30 Uhr <br>(die genaue Zeit, ob vormittags\/ nachmittags wird noch festgelegt) <br>Jeweils 90,- \u20ac pro 1\/2 Tag<br><br>Meldung nur \u00fcber das DRC-Online-Anmeldeverfahren<br><br><strong>>> <a href=\"https:\/\/db.drc.de\/adr\/meldungen\/funktion.php?ekey=16538\" target=\"_blank\" rel=\"noreferrer noopener\">Bitte hier klicken<\/a> &lt;&lt;<\/strong><\/td><\/tr><tr><td class=\"has-text-align-left\" data-align=\"left\"><\/td><td><\/td><\/tr><tr><td class=\"has-text-align-left\" data-align=\"left\"><strong>07.06.2026<\/strong><\/td><td><strong>Dummyseminar Fortgeschrittene mit Ulrike Drews von Ruckteschell<\/strong><\/td><\/tr><tr><td class=\"has-text-align-left\" data-align=\"left\"><\/td><td>Sonderleitung: Birgit Meyer-Otten, <br>E-Mail: <a href=\"mailto:birgit-meyer-otten@niers-hunters.de\">birgit-meyer-otten@niers-hunters.de<\/a><br>und Ines Mainka, E-Mail: <a href=\"mailto:i.mainka@web.de\">i.mainka@web.de<\/a><br><br>Meldestart: 01.04.2026<br>Meldeschluss: 15.05.2026<br><br>Maximal 5 Teilnehmer pro Gruppe<br><br>Das Seminar ist f\u00fcr Fortgeschrittene, die bereits auf <br>guten A Niveau sind. . Voraussetzung: bestandene Dummy A<br><br>1. Gruppe 10:00 &#8211; 13:30 Uhr 2. Gruppe 14:00 &#8211; 17:30 Uhr <br>(die genaue Zeit, ob vormittags\/ nachmittags wird noch festgelegt) <br>Jeweils 90,- \u20ac pro 1\/2 Tag<br><br>Meldung nur \u00fcber das DRC-Online-Anmeldeverfahren<br><br><strong>>> <a href=\"https:\/\/db.drc.de\/adr\/meldungen\/funktion.php?ekey=16537\" target=\"_blank\" rel=\"noreferrer noopener\">Bitte hier klicken<\/a> &lt;&lt;<\/strong><\/td><\/tr><tr><td class=\"has-text-align-left\" data-align=\"left\"><\/td><td><\/td><\/tr><tr><td class=\"has-text-align-left\" data-align=\"left\"><strong>24.06.2026<\/strong><\/td><td><strong>Dummyseminar Anf\u00e4nger mit Betty Schwieren<\/strong><\/td><\/tr><tr><td class=\"has-text-align-left\" data-align=\"left\"><\/td><td>Sonderleitung: Ines Mainka, E-Mail: <a href=\"mailto:i.mainka@web.de\">i.mainka@web.de<\/a><br><br>Meldestart: 01.05.2026<br>Meldeschluss: 10.06.2026<br><br>Das Seminar ist f\u00fcr Anf\u00e4nger. Voraussetzung: <br>Hund apportiert sicher bzw. bestandene Dummy A<br><br>Vormittags, ca. 10:00 &#8211; 13:30 Uhr <br>80,- \u20ac bei maximal 7 Teilnehmer pro Gruppe<br><br>Meldung nur \u00fcber das DRC-Online-Anmeldeverfahren<br><br>&gt;&gt; Nach Meldebeginn hier zu finden &lt;&lt;<\/td><\/tr><tr><td class=\"has-text-align-left\" data-align=\"left\"><\/td><td><\/td><\/tr><tr><td class=\"has-text-align-left\" data-align=\"left\"><strong>24.06.2026<\/strong><\/td><td><strong>Dummyseminar Fortgeschrittene mit Betty Schwieren<\/strong><\/td><\/tr><tr><td class=\"has-text-align-left\" data-align=\"left\"><\/td><td>Sonderleitung: Ines Mainka, E-Mail: <a href=\"mailto:i.mainka@web.de\">i.mainka@web.de<\/a><br><br>Meldestart: 01.05.2026<br>Meldeschluss: 10.06.2026<br><br>Das Seminar ist f\u00fcr Fortgeschrittene, die bereits <br>auf guten A Niveau sind. Voraussetzung: bestandene Dummy A<br><br>Nachmittags, ca. 14:00 &#8211; 17:30 Uhr <br>80,- \u20ac bei maximal 7 Teilnehmer pro Gruppe<br><br>Meldung nur \u00fcber das DRC-Online-Anmeldeverfahren<br><br>&gt;&gt; Nach Meldebeginn hier zu finden &lt;&lt;<\/td><\/tr><tr><td class=\"has-text-align-left\" data-align=\"left\"><\/td><td><\/td><\/tr><tr><td class=\"has-text-align-left\" data-align=\"left\"><strong>27.07.2026<\/strong><\/td><td><strong>Dummyseminar Anf\u00e4nger mit Dirk Volders<\/strong><\/td><\/tr><tr><td class=\"has-text-align-left\" data-align=\"left\"><\/td><td>Sonderleitung: Anja Geerlings Tel: \u202d0172-5614690\u202c,<br>Email: <a href=\"mailto:anja@geerlings-retriever.de\">anja@geerlings-retriever.de<\/a><br><br>Meldestart: 01.06.2026<br>Meldeschluss: 10.07.2026<br><br>Das Seminar ist f\u00fcr Anf\u00e4nger.<br>Voraussetzung: Hund apportiert sicher.<br><br>Vormittags, ca. 10:00 \u2013 13:30 Uhr<br>65,- \u20ac bei maximal 6-7 Teilnehmer pro Gruppe<br><br>Meldung nur \u00fcber das DRC-Online-Anmeldeverfahren<br><br><strong>&gt;&gt; Nach Meldebeginn hier zu finden &lt;&lt;<\/strong><\/td><\/tr><tr><td class=\"has-text-align-left\" data-align=\"left\"><\/td><td><\/td><\/tr><tr><td class=\"has-text-align-left\" data-align=\"left\"><strong>27.07.2026<\/strong><\/td><td><strong>Dummyseminar F\/O mit Dirk Volders<\/strong><\/td><\/tr><tr><td class=\"has-text-align-left\" data-align=\"left\"><\/td><td>Sonderleitung: Anja Geerlings Tel: \u202d0172-5614690\u202c,<br>Email: <a href=\"mailto:anja@geerlings-retriever.de\">anja@geerlings-retriever.de<\/a><br><br>Meldestart: 01.06.2026<br>Meldeschluss: 10.07.2026<br><br>Nachmittags, ca. 14:00 \u2013 17:30 Uhr<br>65,- \u20ac bei maximal 6-7 Teilnehmer pro Gruppe<br><br>Meldung nur \u00fcber das DRC-Online-Anmeldeverfahren<br><br><strong><strong>&gt;&gt; Nach Meldebeginn hier zu finden &lt;&lt;<\/strong><\/strong><\/td><\/tr><tr><td class=\"has-text-align-left\" data-align=\"left\"><\/td><td><\/td><\/tr><tr><td class=\"has-text-align-left\" data-align=\"left\"><strong>10.08.2026<\/strong><\/td><td><strong>Dummyseminar mit Michael Br\u00fchl<\/strong><\/td><\/tr><tr><td class=\"has-text-align-left\" data-align=\"left\"><\/td><td>Sonderleitung: Anja Geerlings Tel: \u202d0172-5614690\u202c,<br>Email: <a href=\"mailto:anja@geerlings-retriever.de\">anja@geerlings-retriever.de<\/a><br><br>Meldestart: 15.06.2026<br>Meldeschluss: 20.07.2026<br><br>Das Seminar ist f\u00fcr Anf\u00e4nger.<br>Voraussetzung: Hund apportiert sicher.<br><br>1. Gruppe 10:00 \u2013 13:30 Uhr<br>2. Gruppe 14:00 \u2013 17:30 Uhr<br><br>Bitte bei Anmeldung ins Kommentarfeld schreiben,<br>ob eine Teilnahme vormittags oder nachmittags gew\u00fcnscht ist.<br>65,- \u20ac bei maximal 6-7 Teilnehmer pro Gruppe<br><br>Meldung nur \u00fcber das DRC-Online-Anmeldeverfahren<br><br><strong><strong>&gt;&gt; Nach Meldebeginn hier zu finden &lt;&lt;<\/strong><\/strong><\/td><\/tr><tr><td class=\"has-text-align-left\" data-align=\"left\"><\/td><td><\/td><\/tr><tr><td class=\"has-text-align-left\" data-align=\"left\"><strong>31.08.2026<\/strong><\/td><td><strong>Dummyseminar Anf\u00e4nger mit Dirk Volders<\/strong><\/td><\/tr><tr><td class=\"has-text-align-left\" data-align=\"left\"><\/td><td>Sonderleitung: Anja Geerlings Tel: \u202d0172-5614690\u202c,<br>Email: <a href=\"mailto:anja@geerlings-retriever.de\">anja@geerlings-retriever.de<\/a><br><br>Meldestart: 11.07.2026<br>Meldeschluss: 10.08.2026<br><br>Das Seminar ist f\u00fcr Anf\u00e4nger.<br>Voraussetzung: Hund apportiert sicher.<br><br>Vormittags, ca. 10:00 \u2013 13:30 Uhr<br>65,- \u20ac bei maximal 6-7 Teilnehmer pro Gruppe<br><br>Meldung nur \u00fcber das DRC-Online-Anmeldeverfahren<br><br><strong>&gt;&gt; Nach Meldebeginn hier zu finden &lt;&lt;<\/strong><\/td><\/tr><tr><td class=\"has-text-align-left\" data-align=\"left\"><\/td><td><\/td><\/tr><tr><td class=\"has-text-align-left\" data-align=\"left\"><strong>31.08.2026<\/strong><\/td><td><strong>Dummyseminar F\/O mit Dirk Volders<\/strong><\/td><\/tr><tr><td class=\"has-text-align-left\" data-align=\"left\"><\/td><td>Sonderleitung: Anja Geerlings Tel: \u202d0172-5614690\u202c,<br>Email: <a href=\"mailto:anja@geerlings-retriever.de\">anja@geerlings-retriever.de<\/a><br><br>Meldestart: 11.07.2026<br>Meldeschluss: 10.08.2026<br><br>Nachmittags, ca. 14:00 \u2013 17:30 Uhr<br>65,- \u20ac bei maximal 6-7 Teilnehmer pro Gruppe<br><br>Meldung nur \u00fcber das DRC-Online-Anmeldeverfahren<br><br><strong><strong>&gt;&gt; Nach Meldebeginn hier zu finden &lt;&lt;<\/strong><\/strong><\/td><\/tr><tr><td class=\"has-text-align-left\" data-align=\"left\"><\/td><td><\/td><\/tr><tr><td class=\"has-text-align-left\" data-align=\"left\"><strong>05.10.2026<\/strong><\/td><td><strong>Dummyseminar Anf\u00e4nger mit Dirk Volders<\/strong><\/td><\/tr><tr><td class=\"has-text-align-left\" data-align=\"left\"><\/td><td>Sonderleitung: Anja Geerlings Tel: \u202d0172-5614690\u202c,<br>Email: <a href=\"mailto:anja@geerlings-retriever.de\">anja@geerlings-retriever.de<\/a><br><br>Meldestart: 15.08.2026<br>Meldeschluss: 15.09.2026<br><br>Das Seminar ist f\u00fcr Anf\u00e4nger.<br>Voraussetzung: Hund apportiert sicher.<br><br>Vormittags, ca. 10:00 \u2013 13:30 Uhr<br>65,- \u20ac bei maximal 6-7 Teilnehmer pro Gruppe<br><br>Meldung nur \u00fcber das DRC-Online-Anmeldeverfahren<br><br><strong>&gt;&gt; Nach Meldebeginn hier zu finden &lt;&lt;<\/strong><\/td><\/tr><tr><td class=\"has-text-align-left\" data-align=\"left\"><\/td><td><\/td><\/tr><tr><td class=\"has-text-align-left\" data-align=\"left\"><strong>05.10.2026<\/strong><\/td><td><strong>Dummyseminar F\/O mit Dirk Volders<\/strong><\/td><\/tr><tr><td class=\"has-text-align-left\" data-align=\"left\"><\/td><td>Sonderleitung: Anja Geerlings Tel: \u202d0172-5614690\u202c,<br>Email: <a href=\"mailto:anja@geerlings-retriever.de\">anja@geerlings-retriever.de<\/a><br><br>Meldestart: 15.08.2026<br>Meldeschluss: 15.09.2026<br><br>Nachmittags, ca. 14:00 \u2013 17:30 Uhr<br>65,- \u20ac bei maximal 6-7 Teilnehmer pro Gruppe<br><br>Meldung nur \u00fcber das DRC-Online-Anmeldeverfahren<br><br><strong><strong>&gt;&gt; Nach Meldebeginn hier zu finden &lt;&lt;<\/strong><\/strong><\/td><\/tr><tr><td class=\"has-text-align-left\" data-align=\"left\"><\/td><td><\/td><\/tr><\/tbody><\/table><\/figure>\n\n\n\n<p class=\"has-text-align-center has-background has-medium-font-size\" style=\"background-color:#faf0c8\"><strong>Seminare &#8211; Gesundheit<\/strong><\/p>\n\n\n\n<figure class=\"wp-block-table\"><table><tbody><tr><td><\/td><td><\/td><\/tr><tr><td><\/td><td><\/td><\/tr><\/tbody><\/table><\/figure>\n\n\n\n<p class=\"has-text-align-center has-background has-medium-font-size\" style=\"background-color:#faf0c8\"><strong>Weitere Seminare<\/strong><\/p>\n\n\n\n<figure class=\"wp-block-table aligncenter\"><table><tbody><tr><td><\/td><td><\/td><\/tr><tr><td><\/td><td><\/td><\/tr><\/tbody><\/table><\/figure>\n","protected":false},"excerpt":{"rendered":"<p>Gem\u00e4\u00df den Bestimmungen des Tierschutzgesetzes sind bei unseren Seminaren und WorkshopsKEINE ENDLOSW\u00dcRGER &#8211; hei\u00dft Moxonleinen oder Halsb\u00e4nder OHNE Zugstopp &#8211;&hellip;<\/p>\n","protected":false},"author":1,"featured_media":0,"parent":0,"menu_order":0,"comment_status":"closed","ping_status":"closed","template":"","meta":{"footnotes":""},"class_list":["post-327","page","type-page","status-publish","hentry"],"_links":{"self":[{"href":"https:\/\/drc-bzg-duesseldorf.de\/index.php\/wp-json\/wp\/v2\/pages\/327","targetHints":{"allow":["GET"]}}],"collection":[{"href":"https:\/\/drc-bzg-duesseldorf.de\/index.php\/wp-json\/wp\/v2\/pages"}],"about":[{"href":"https:\/\/drc-bzg-duesseldorf.de\/index.php\/wp-json\/wp\/v2\/types\/page"}],"author":[{"embeddable":true,"href":"https:\/\/drc-bzg-duesseldorf.de\/index.php\/wp-json\/wp\/v2\/users\/1"}],"replies":[{"embeddable":true,"href":"https:\/\/drc-bzg-duesseldorf.de\/index.php\/wp-json\/wp\/v2\/comments?post=327"}],"version-history":[{"count":374,"href":"https:\/\/drc-bzg-duesseldorf.de\/index.php\/wp-json\/wp\/v2\/pages\/327\/revisions"}],"predecessor-version":[{"id":2361,"href":"https:\/\/drc-bzg-duesseldorf.de\/index.php\/wp-json\/wp\/v2\/pages\/327\/revisions\/2361"}],"wp:attachment":[{"href":"https:\/\/drc-bzg-duesseldorf.de\/index.php\/wp-json\/wp\/v2\/media?parent=327"}],"curies":[{"name":"wp","href":"https:\/\/api.w.org\/{rel}","templated":true}]}}